{"id":20,"date":"2025-04-02T14:09:01","date_gmt":"2025-04-02T14:09:01","guid":{"rendered":"https:\/\/windykacja.vrls.pl\/?page_id=20"},"modified":"2025-04-25T08:45:06","modified_gmt":"2025-04-25T08:45:06","slug":"arkusz-windykacja","status":"publish","type":"page","link":"https:\/\/windykacja.vrls.pl\/","title":{"rendered":"Arkusz Windykacja"},"content":{"rendered":"\t\t<div data-elementor-type=\"wp-page\" data-elementor-id=\"20\" class=\"elementor elementor-20\" data-elementor-post-type=\"page\">\n\t\t\t\t<div class=\"elementor-element elementor-element-9c043c0 e-flex e-con-boxed e-con e-parent\" data-id=\"9c043c0\" data-element_type=\"container\">\n\t\t\t\t\t<div class=\"e-con-inner\">\n\t\t\t\t<div class=\"elementor-element elementor-element-d42d566 elementor-widget elementor-widget-spacer\" data-id=\"d42d566\" data-element_type=\"widget\" data-widget_type=\"spacer.default\">\n\t\t\t\t<div class=\"elementor-widget-container\">\n\t\t\t\t\t\t\t<div class=\"elementor-spacer\">\n\t\t\t<div class=\"elementor-spacer-inner\"><\/div>\n\t\t<\/div>\n\t\t\t\t\t\t<\/div>\n\t\t\t\t<\/div>\n\t\t\t\t\t<\/div>\n\t\t\t\t<\/div>\n\t\t<div class=\"elementor-element elementor-element-104a14c e-flex e-con-boxed e-con e-parent\" data-id=\"104a14c\" data-element_type=\"container\">\n\t\t\t\t\t<div class=\"e-con-inner\">\n\t\t\t\t<div class=\"elementor-element elementor-element-4641f18 elementor-fixed elementor-widget elementor-widget-shortcode\" data-id=\"4641f18\" data-element_type=\"widget\" data-settings=\"{&quot;_position&quot;:&quot;fixed&quot;}\" data-widget_type=\"shortcode.default\">\n\t\t\t\t<div class=\"elementor-widget-container\">\n\t\t\t\t\t\t\t<div class=\"elementor-shortcode\"><h2 class=\"login-h2\" style=\"text-align:left;line-height:1.5;margin-left:20%;margin-right:20%;\">\n\t\t\t\t<strong>Jeste\u015b niezalogowany,\n\t\t\t\t<a href=\"https:\/\/windykacja.vrls.pl\/?page_id=38\" class=\"login-link\" style=\"color:#64cc74;\">zaloguj si\u0119<\/a>\n\t\t\t\taby wy\u015bwietli\u0107 zawarto\u015b\u0107\n\t\t\t<\/strong><\/h2><\/div>\n\t\t\t\t\t\t<\/div>\n\t\t\t\t<\/div>\n\t\t\t\t\t<\/div>\n\t\t\t\t<\/div>\n\t\t\t\t<\/div>\n\t\t","protected":false},"excerpt":{"rendered":"","protected":false},"author":1,"featured_media":0,"parent":0,"menu_order":0,"comment_status":"closed","ping_status":"closed","template":"page-no-title","meta":{"footnotes":""},"class_list":["post-20","page","type-page","status-publish","hentry"],"_links":{"self":[{"href":"https:\/\/windykacja.vrls.pl\/index.php?rest_route=\/wp\/v2\/pages\/20","targetHints":{"allow":["GET"]}}],"collection":[{"href":"https:\/\/windykacja.vrls.pl\/index.php?rest_route=\/wp\/v2\/pages"}],"about":[{"href":"https:\/\/windykacja.vrls.pl\/index.php?rest_route=\/wp\/v2\/types\/page"}],"author":[{"embeddable":true,"href":"https:\/\/windykacja.vrls.pl\/index.php?rest_route=\/wp\/v2\/users\/1"}],"replies":[{"embeddable":true,"href":"https:\/\/windykacja.vrls.pl\/index.php?rest_route=%2Fwp%2Fv2%2Fcomments&post=20"}],"version-history":[{"count":105,"href":"https:\/\/windykacja.vrls.pl\/index.php?rest_route=\/wp\/v2\/pages\/20\/revisions"}],"predecessor-version":[{"id":226,"href":"https:\/\/windykacja.vrls.pl\/index.php?rest_route=\/wp\/v2\/pages\/20\/revisions\/226"}],"wp:attachment":[{"href":"https:\/\/windykacja.vrls.pl\/index.php?rest_route=%2Fwp%2Fv2%2Fmedia&parent=20"}],"curies":[{"name":"wp","href":"https:\/\/api.w.org\/{rel}","templated":true}]}}